{"id":17,"date":"2021-03-05T20:12:02","date_gmt":"2021-03-05T20:12:02","guid":{"rendered":"https:\/\/theakerelaw.com\/contact\/"},"modified":"2025-09-04T21:06:52","modified_gmt":"2025-09-04T21:06:52","slug":"contact","status":"publish","type":"page","link":"https:\/\/theakerelaw.com\/es\/contact\/","title":{"rendered":"Contactenos"},"content":{"rendered":"<div data-elementor-type=\"wp-page\" data-elementor-id=\"17\" class=\"elementor elementor-17\">\n\t\t\t\t<div class=\"elementor-element elementor-element-66e6910 e-flex e-con-boxed e-con e-parent\" data-id=\"66e6910\" data-element_type=\"container\" data-settings=\"{&quot;background_background&quot;:&quot;classic&quot;}\">\n\t\t\t\t\t<div class=\"e-con-inner\">\n\t\t<div class=\"elementor-element elementor-element-5186577 e-con-full e-flex e-con e-child\" data-id=\"5186577\" data-element_type=\"container\">\n\t\t\t\t<div class=\"elementor-element elementor-element-c1d30de elementor-widget-divider--view-line elementor-widget elementor-widget-divider\" data-id=\"c1d30de\" data-element_type=\"widget\" data-widget_type=\"divider.default\">\n\t\t\t\t<div class=\"elementor-widget-container\">\n\t\t\t\t\t<div class=\"elementor-divider\">\n\t\t\t<span class=\"elementor-divider-separator\">\n\t\t\t\t\t\t<\/span>\n\t\t<\/div>\n\t\t\t\t<\/div>\n\t\t\t\t<\/div>\n\t\t\t\t<div class=\"elementor-element elementor-element-9d24741 elementor-widget elementor-widget-heading\" data-id=\"9d24741\" data-element_type=\"widget\" data-widget_type=\"heading.default\">\n\t\t\t\t<div class=\"elementor-widget-container\">\n\t\t\t<h1 class=\"elementor-heading-title elementor-size-default\">P\u00f3ngase en contacto con nosotros para sus Asuntos Legales<\/h1>\t\t<\/div>\n\t\t\t\t<\/div>\n\t\t\t\t<div class=\"elementor-element elementor-element-f403c55 elementor-widget elementor-widget-text-editor\" data-id=\"f403c55\" data-element_type=\"widget\" data-widget_type=\"text-editor.default\">\n\t\t\t\t<div class=\"elementor-widget-container\">\n\t\t\t\t\t\t\t<p>Nuestro equipo de abogados est\u00e1 listo para abordar sus problemas legales m\u00e1s urgentes con consejos pr\u00e1cticos y una representaci\u00f3n atenta espec\u00edficamente a los detalles que rodean su situaci\u00f3n particular.<\/p>\t\t\t\t\t\t<\/div>\n\t\t\t\t<\/div>\n\t\t\t\t<\/div>\n\t\t\t\t\t<\/div>\n\t\t\t\t<\/div>\n\t\t<div class=\"elementor-element elementor-element-2de88d1 e-con-full elementor-hidden-mobile e-flex e-con e-parent\" data-id=\"2de88d1\" data-element_type=\"container\">\n\t\t<div class=\"elementor-element elementor-element-71b6ae2 e-con-full e-flex e-con e-child\" data-id=\"71b6ae2\" data-element_type=\"container\">\n\t\t\t\t<div class=\"elementor-element elementor-element-754cac5 elementor-widget elementor-widget-google_maps\" data-id=\"754cac5\" data-element_type=\"widget\" data-widget_type=\"google_maps.default\">\n\t\t\t\t<div class=\"elementor-widget-container\">\n\t\t\t\t\t<div class=\"elementor-custom-embed\">\n\t\t\t<iframe loading=\"lazy\"\n\t\t\t\t\tsrc=\"https:\/\/maps.google.com\/maps?q=2030%20Empire%20Central%20Dr%20Suite%20%23100%2C%20Dallas%2C%20TX%2075235&#038;t=m&#038;z=19&#038;output=embed&#038;iwloc=near\"\n\t\t\t\t\ttitle=\"2030 Empire Central Dr Suite #100, Dallas, TX 75235\"\n\t\t\t\t\taria-label=\"2030 Empire Central Dr Suite #100, Dallas, TX 75235\"\n\t\t\t><\/iframe>\n\t\t<\/div>\n\t\t\t\t<\/div>\n\t\t\t\t<\/div>\n\t\t\t\t<\/div>\n\t\t\t\t<\/div>\n\t\t<div class=\"elementor-element elementor-element-e8a0104 e-flex e-con-boxed e-con e-parent\" data-id=\"e8a0104\" data-element_type=\"container\" data-settings=\"{&quot;background_background&quot;:&quot;classic&quot;}\">\n\t\t\t\t\t<div class=\"e-con-inner\">\n\t\t<div class=\"elementor-element elementor-element-7809e3d e-con-full e-flex e-con e-child\" data-id=\"7809e3d\" data-element_type=\"container\">\n\t\t<div class=\"elementor-element elementor-element-cbbc5e6 e-flex e-con-boxed e-con e-child\" data-id=\"cbbc5e6\" data-element_type=\"container\" data-settings=\"{&quot;background_background&quot;:&quot;classic&quot;}\">\n\t\t\t\t\t<div class=\"e-con-inner\">\n\t\t<div class=\"elementor-element elementor-element-f9e85a9 e-con-full e-flex e-con e-child\" data-id=\"f9e85a9\" data-element_type=\"container\">\n\t\t\t\t<div class=\"elementor-element elementor-element-279e2e2 elementor-view-default elementor-position-top elementor-mobile-position-top elementor-widget elementor-widget-icon-box\" data-id=\"279e2e2\" data-element_type=\"widget\" data-widget_type=\"icon-box.default\">\n\t\t\t\t<div class=\"elementor-widget-container\">\n\t\t\t\t\t<div class=\"elementor-icon-box-wrapper\">\n\n\t\t\t\t\t\t<div class=\"elementor-icon-box-icon\">\n\t\t\t\t<span  class=\"elementor-icon elementor-animation-\">\n\t\t\t\t<svg aria-hidden=\"true\" class=\"e-font-icon-svg e-fas-envelope\" viewbox=\"0 0 512 512\" xmlns=\"http:\/\/www.w3.org\/2000\/svg\"><path d=\"M502.3 190.8c3.9-3.1 9.7-.2 9.7 4.7V400c0 26.5-21.5 48-48 48H48c-26.5 0-48-21.5-48-48V195.6c0-5 5.7-7.8 9.7-4.7 22.4 17.4 52.1 39.5 154.1 113.6 21.1 15.4 56.7 47.8 92.2 47.6 35.7.3 72-32.8 92.3-47.6 102-74.1 131.6-96.3 154-113.7zM256 320c23.2.4 56.6-29.2 73.4-41.4 132.7-96.3 142.8-104.7 173.4-128.7 5.8-4.5 9.2-11.5 9.2-18.9v-19c0-26.5-21.5-48-48-48H48C21.5 64 0 85.5 0 112v19c0 7.4 3.4 14.3 9.2 18.9 30.6 23.9 40.7 32.4 173.4 128.7 16.8 12.2 50.2 41.8 73.4 41.4z\"><\/path><\/svg>\t\t\t\t<\/span>\n\t\t\t<\/div>\n\t\t\t\n\t\t\t\t\t\t<div class=\"elementor-icon-box-content\">\n\n\t\t\t\t\t\t\t\t\t<h4 class=\"elementor-icon-box-title\">\n\t\t\t\t\t\t<span  >\n\t\t\t\t\t\t\tCorreo Electr\u00f3nico\t\t\t\t\t\t<\/span>\n\t\t\t\t\t<\/h4>\n\t\t\t\t\n\t\t\t\t\t\t\t\t\t<p class=\"elementor-icon-box-description\">\n\t\t\t\t\t\tinfo@akerelaw.com\t\t\t\t\t<\/p>\n\t\t\t\t\n\t\t\t<\/div>\n\t\t\t\n\t\t<\/div>\n\t\t\t\t<\/div>\n\t\t\t\t<\/div>\n\t\t\t\t<\/div>\n\t\t<div class=\"elementor-element elementor-element-d90d587 e-con-full e-flex e-con e-child\" data-id=\"d90d587\" data-element_type=\"container\">\n\t\t\t\t<div class=\"elementor-element elementor-element-3f12244 elementor-view-default elementor-position-top elementor-mobile-position-top elementor-widget elementor-widget-icon-box\" data-id=\"3f12244\" data-element_type=\"widget\" data-widget_type=\"icon-box.default\">\n\t\t\t\t<div class=\"elementor-widget-container\">\n\t\t\t\t\t<div class=\"elementor-icon-box-wrapper\">\n\n\t\t\t\t\t\t<div class=\"elementor-icon-box-icon\">\n\t\t\t\t<span  class=\"elementor-icon elementor-animation-\">\n\t\t\t\t<svg aria-hidden=\"true\" class=\"e-font-icon-svg e-fas-phone-alt\" viewbox=\"0 0 512 512\" xmlns=\"http:\/\/www.w3.org\/2000\/svg\"><path d=\"M497.39 361.8l-112-48a24 24 0 0 0-28 6.9l-49.6 60.6A370.66 370.66 0 0 1 130.6 204.11l60.6-49.6a23.94 23.94 0 0 0 6.9-28l-48-112A24.16 24.16 0 0 0 122.6.61l-104 24A24 24 0 0 0 0 48c0 256.5 207.9 464 464 464a24 24 0 0 0 23.4-18.6l24-104a24.29 24.29 0 0 0-14.01-27.6z\"><\/path><\/svg>\t\t\t\t<\/span>\n\t\t\t<\/div>\n\t\t\t\n\t\t\t\t\t\t<div class=\"elementor-icon-box-content\">\n\n\t\t\t\t\t\t\t\t\t<h4 class=\"elementor-icon-box-title\">\n\t\t\t\t\t\t<span  >\n\t\t\t\t\t\t\tN\u00famero de Tel\u00e9fono\t\t\t\t\t\t<\/span>\n\t\t\t\t\t<\/h4>\n\t\t\t\t\n\t\t\t\t\t\t\t\t\t<p class=\"elementor-icon-box-description\">\n\t\t\t\t\t\t+1 214-630-7820\t\t\t\t\t<\/p>\n\t\t\t\t\n\t\t\t<\/div>\n\t\t\t\n\t\t<\/div>\n\t\t\t\t<\/div>\n\t\t\t\t<\/div>\n\t\t\t\t<\/div>\n\t\t<div class=\"elementor-element elementor-element-df0216c e-con-full e-flex e-con e-child\" data-id=\"df0216c\" data-element_type=\"container\">\n\t\t\t\t<div class=\"elementor-element elementor-element-dd5b6b0 elementor-view-default elementor-position-top elementor-mobile-position-top elementor-widget elementor-widget-icon-box\" data-id=\"dd5b6b0\" data-element_type=\"widget\" data-widget_type=\"icon-box.default\">\n\t\t\t\t<div class=\"elementor-widget-container\">\n\t\t\t\t\t<div class=\"elementor-icon-box-wrapper\">\n\n\t\t\t\t\t\t<div class=\"elementor-icon-box-icon\">\n\t\t\t\t<span  class=\"elementor-icon elementor-animation-\">\n\t\t\t\t<svg aria-hidden=\"true\" class=\"e-font-icon-svg e-fas-map-marker-alt\" viewbox=\"0 0 384 512\" xmlns=\"http:\/\/www.w3.org\/2000\/svg\"><path d=\"M172.268 501.67C26.97 291.031 0 269.413 0 192 0 85.961 85.961 0 192 0s192 85.961 192 192c0 77.413-26.97 99.031-172.268 309.67-9.535 13.774-29.93 13.773-39.464 0zM192 272c44.183 0 80-35.817 80-80s-35.817-80-80-80-80 35.817-80 80 35.817 80 80 80z\"><\/path><\/svg>\t\t\t\t<\/span>\n\t\t\t<\/div>\n\t\t\t\n\t\t\t\t\t\t<div class=\"elementor-icon-box-content\">\n\n\t\t\t\t\t\t\t\t\t<h4 class=\"elementor-icon-box-title\">\n\t\t\t\t\t\t<span  >\n\t\t\t\t\t\t\tOficina\t\t\t\t\t\t<\/span>\n\t\t\t\t\t<\/h4>\n\t\t\t\t\n\t\t\t\t\t\t\t\t\t<p class=\"elementor-icon-box-description\">\n\t\t\t\t\t\t2030 Empire Central Drive,\nSuite #100, Dallas,\nTexas 75235\t\t\t\t\t<\/p>\n\t\t\t\t\n\t\t\t<\/div>\n\t\t\t\n\t\t<\/div>\n\t\t\t\t<\/div>\n\t\t\t\t<\/div>\n\t\t\t\t<\/div>\n\t\t\t\t\t<\/div>\n\t\t\t\t<\/div>\n\t\t\t\t<\/div>\n\t\t\t\t\t<\/div>\n\t\t\t\t<\/div>\n\t\t<div class=\"elementor-element elementor-element-513b33c e-con-full elementor-hidden-desktop elementor-hidden-tablet e-flex e-con e-parent\" data-id=\"513b33c\" data-element_type=\"container\">\n\t\t<div class=\"elementor-element elementor-element-35b1931 e-flex e-con-boxed e-con e-child\" data-id=\"35b1931\" data-element_type=\"container\">\n\t\t\t\t\t<div class=\"e-con-inner\">\n\t\t\t\t<div class=\"elementor-element elementor-element-caa3935 elementor-widget elementor-widget-google_maps\" data-id=\"caa3935\" data-element_type=\"widget\" data-widget_type=\"google_maps.default\">\n\t\t\t\t<div class=\"elementor-widget-container\">\n\t\t\t\t\t<div class=\"elementor-custom-embed\">\n\t\t\t<iframe loading=\"lazy\"\n\t\t\t\t\tsrc=\"https:\/\/maps.google.com\/maps?q=2030%20Empire%20Central%20Dr%20Suite%20%23100%2C%20Dallas%2C%20TX%2075235&#038;t=m&#038;z=19&#038;output=embed&#038;iwloc=near\"\n\t\t\t\t\ttitle=\"2030 Empire Central Dr Suite #100, Dallas, TX 75235\"\n\t\t\t\t\taria-label=\"2030 Empire Central Dr Suite #100, Dallas, TX 75235\"\n\t\t\t><\/iframe>\n\t\t<\/div>\n\t\t\t\t<\/div>\n\t\t\t\t<\/div>\n\t\t\t\t\t<\/div>\n\t\t\t\t<\/div>\n\t\t\t\t<\/div>\n\t\t<div class=\"elementor-element elementor-element-8b6631d e-flex e-con-boxed e-con e-parent\" data-id=\"8b6631d\" data-element_type=\"container\" data-settings=\"{&quot;background_background&quot;:&quot;classic&quot;}\">\n\t\t\t\t\t<div class=\"e-con-inner\">\n\t\t<div class=\"elementor-element elementor-element-4caa9b4 e-con-full e-flex e-con e-child\" data-id=\"4caa9b4\" data-element_type=\"container\">\n\t\t\t\t<div class=\"elementor-element elementor-element-6d94ef5 elementor-widget-divider--view-line elementor-widget elementor-widget-divider\" data-id=\"6d94ef5\" data-element_type=\"widget\" data-widget_type=\"divider.default\">\n\t\t\t\t<div class=\"elementor-widget-container\">\n\t\t\t\t\t<div class=\"elementor-divider\">\n\t\t\t<span class=\"elementor-divider-separator\">\n\t\t\t\t\t\t<\/span>\n\t\t<\/div>\n\t\t\t\t<\/div>\n\t\t\t\t<\/div>\n\t\t\t\t<div class=\"elementor-element elementor-element-b51e072 elementor-widget elementor-widget-heading\" data-id=\"b51e072\" data-element_type=\"widget\" data-widget_type=\"heading.default\">\n\t\t\t\t<div class=\"elementor-widget-container\">\n\t\t\t<h2 class=\"elementor-heading-title elementor-size-default\">Hablemos...<\/h2>\t\t<\/div>\n\t\t\t\t<\/div>\n\t\t\t\t<div class=\"elementor-element elementor-element-ae3adc3 elementor-widget elementor-widget-button\" data-id=\"ae3adc3\" data-element_type=\"widget\" data-widget_type=\"button.default\">\n\t\t\t\t<div class=\"elementor-widget-container\">\n\t\t\t\t\t<div class=\"elementor-button-wrapper\">\n\t\t\t<a class=\"elementor-button elementor-button-link elementor-size-sm\" href=\"https:\/\/outlook.office.com\/book\/AkereAkerePC1@akerelaw.com\/?ismsaljsauthenabled\">\n\t\t\t\t\t\t<span class=\"elementor-button-content-wrapper\">\n\t\t\t\t\t\t\t\t\t<span class=\"elementor-button-text\">Book Now!<\/span>\n\t\t\t\t\t<\/span>\n\t\t\t\t\t<\/a>\n\t\t<\/div>\n\t\t\t\t<\/div>\n\t\t\t\t<\/div>\n\t\t\t\t<div class=\"elementor-element elementor-element-ff64444 elementor-widget elementor-widget-text-editor\" data-id=\"ff64444\" data-element_type=\"widget\" data-widget_type=\"text-editor.default\">\n\t\t\t\t<div class=\"elementor-widget-container\">\n\t\t\t\t\t\t\t<p>Comun\u00edquese con nosotros hoy y obtenga el asesoramiento adecuado y la tranquilidad que conlleva saber que tiene la mejor ayuda disponible para su asunto legal.<\/p>\t\t\t\t\t\t<\/div>\n\t\t\t\t<\/div>\n\t\t\t\t<\/div>\n\t\t\t\t\t<\/div>\n\t\t\t\t<\/div>\n\t\t\t\t<\/div>","protected":false},"excerpt":{"rendered":"<p>Get in touch with us for your Legal Issues Our team of experienced attorneys are ready to address your most pressing legal issues with practical advice and vigilant representation tailored specifically to the details surrounding your unique situation. Email Address info@akerelaw.com Phone Number +1 214-630-7820 Office 2030 Empire Central Drive, Suite #100, Dallas, Texas 75235 [&hellip;]<\/p>","protected":false},"author":1,"featured_media":1733,"parent":0,"menu_order":0,"comment_status":"closed","ping_status":"closed","template":"","meta":{"site-sidebar-layout":"no-sidebar","site-content-layout":"page-builder","ast-site-content-layout":"full-width-container","site-content-style":"unboxed","site-sidebar-style":"unboxed","ast-global-header-display":"","ast-banner-title-visibility":"","ast-main-header-display":"","ast-hfb-above-header-display":"","ast-hfb-below-header-display":"","ast-hfb-mobile-header-display":"","site-post-title":"disabled","ast-breadcrumbs-content":"disabled","ast-featured-img":"disabled","footer-sml-layout":"","theme-transparent-header-meta":"enabled","adv-header-id-meta":"","stick-header-meta":"","header-above-stick-meta":"","header-main-stick-meta":"","header-below-stick-meta":"","astra-migrate-meta-layouts":"set","ast-page-background-enabled":"default","ast-page-background-meta":{"desktop":{"background-color":"","background-image":"","background-repeat":"repeat","background-position":"center center","background-size":"auto","background-attachment":"scroll","background-type":"","background-media":"","overlay-type":"","overlay-color":"","overlay-opacity":"","overlay-gradient":""},"tablet":{"background-color":"","background-image":"","background-repeat":"repeat","background-position":"center center","background-size":"auto","background-attachment":"scroll","background-type":"","background-media":"","overlay-type":"","overlay-color":"","overlay-opacity":"","overlay-gradient":""},"mobile":{"background-color":"","background-image":"","background-repeat":"repeat","background-position":"center center","background-size":"auto","background-attachment":"scroll","background-type":"","background-media":"","overlay-type":"","overlay-color":"","overlay-opacity":"","overlay-gradient":""}},"ast-content-background-meta":{"desktop":{"background-color":"var(--ast-global-color-5)","background-image":"","background-repeat":"repeat","background-position":"center center","background-size":"auto","background-attachment":"scroll","background-type":"","background-media":"","overlay-type":"","overlay-color":"","overlay-opacity":"","overlay-gradient":""},"tablet":{"background-color":"var(--ast-global-color-5)","background-image":"","background-repeat":"repeat","background-position":"center center","background-size":"auto","background-attachment":"scroll","background-type":"","background-media":"","overlay-type":"","overlay-color":"","overlay-opacity":"","overlay-gradient":""},"mobile":{"background-color":"var(--ast-global-color-5)","background-image":"","background-repeat":"repeat","background-position":"center center","background-size":"auto","background-attachment":"scroll","background-type":"","background-media":"","overlay-type":"","overlay-color":"","overlay-opacity":"","overlay-gradient":""}},"footnotes":""},"yoast_head":"<!-- This site is optimized with the Yoast SEO plugin v23.3 - https:\/\/yoast.com\/wordpress\/plugins\/seo\/ -->\n<title>Contact - Akere &amp; Akere P.C.<\/title>\n<meta name=\"description\" content=\"Akere &amp; Akere P.C. is an experienced and dynamic full-service law firm. We provide legal services in the areas of immigration, criminal defense, personal injury, consumer law, civil and family law matters. - Akere &amp; Akere P.C. es un bufete de abogados experimentado y din\u00e1mico de servicio completo. Brindamos servicios legales en las \u00e1reas de inmigraci\u00f3n, defensa criminal, lesiones personales, derecho del consumidor, asuntos de derecho civil y de familia.\" \/>\n<meta name=\"robots\" content=\"index, follow, max-snippet:-1, max-image-preview:large, max-video-preview:-1\" \/>\n<link rel=\"canonical\" href=\"https:\/\/theakerelaw.com\/es\/contact\/\" \/>\n<meta property=\"og:locale\" content=\"es_MX\" \/>\n<meta property=\"og:type\" content=\"article\" \/>\n<meta property=\"og:title\" content=\"Contact - Akere &amp; Akere P.C.\" \/>\n<meta property=\"og:description\" content=\"Akere &amp; Akere P.C. is an experienced and dynamic full-service law firm. We provide legal services in the areas of immigration, criminal defense, personal injury, consumer law, civil and family law matters. - Akere &amp; Akere P.C. es un bufete de abogados experimentado y din\u00e1mico de servicio completo. Brindamos servicios legales en las \u00e1reas de inmigraci\u00f3n, defensa criminal, lesiones personales, derecho del consumidor, asuntos de derecho civil y de familia.\" \/>\n<meta property=\"og:url\" content=\"https:\/\/theakerelaw.com\/es\/contact\/\" \/>\n<meta property=\"og:site_name\" content=\"Akere &amp; Akere P.C.\" \/>\n<meta property=\"article:publisher\" content=\"https:\/\/www.facebook.com\/akereakerepc\" \/>\n<meta property=\"article:modified_time\" content=\"2025-09-04T21:06:52+00:00\" \/>\n<meta property=\"og:image\" content=\"https:\/\/theakerelaw.com\/wp-content\/uploads\/2024\/01\/meta-image.png\" \/>\n\t<meta property=\"og:image:width\" content=\"589\" \/>\n\t<meta property=\"og:image:height\" content=\"322\" \/>\n\t<meta property=\"og:image:type\" content=\"image\/png\" \/>\n<meta name=\"twitter:card\" content=\"summary_large_image\" \/>\n<meta name=\"twitter:site\" content=\"@Akerelaw1\" \/>\n<meta name=\"twitter:label1\" content=\"Tiempo de lectura\" \/>\n\t<meta name=\"twitter:data1\" content=\"1 minuto\" \/>\n<script type=\"application\/ld+json\" class=\"yoast-schema-graph\">{\"@context\":\"https:\/\/schema.org\",\"@graph\":[{\"@type\":\"WebPage\",\"@id\":\"https:\/\/theakerelaw.com\/contact\/\",\"url\":\"https:\/\/theakerelaw.com\/contact\/\",\"name\":\"Contact - Akere &amp; Akere P.C.\",\"isPartOf\":{\"@id\":\"https:\/\/theakerelaw.com\/#website\"},\"primaryImageOfPage\":{\"@id\":\"https:\/\/theakerelaw.com\/contact\/#primaryimage\"},\"image\":{\"@id\":\"https:\/\/theakerelaw.com\/contact\/#primaryimage\"},\"thumbnailUrl\":\"https:\/\/theakerelaw.com\/wp-content\/uploads\/2024\/01\/meta-image.png\",\"datePublished\":\"2021-03-05T20:12:02+00:00\",\"dateModified\":\"2025-09-04T21:06:52+00:00\",\"description\":\"Akere & Akere P.C. is an experienced and dynamic full-service law firm. We provide legal services in the areas of immigration, criminal defense, personal injury, consumer law, civil and family law matters. - Akere & Akere P.C. es un bufete de abogados experimentado y din\u00e1mico de servicio completo. Brindamos servicios legales en las \u00e1reas de inmigraci\u00f3n, defensa criminal, lesiones personales, derecho del consumidor, asuntos de derecho civil y de familia.\",\"breadcrumb\":{\"@id\":\"https:\/\/theakerelaw.com\/contact\/#breadcrumb\"},\"inLanguage\":\"es-MX\",\"potentialAction\":[{\"@type\":\"ReadAction\",\"target\":[\"https:\/\/theakerelaw.com\/contact\/\"]}]},{\"@type\":\"ImageObject\",\"inLanguage\":\"es-MX\",\"@id\":\"https:\/\/theakerelaw.com\/contact\/#primaryimage\",\"url\":\"https:\/\/theakerelaw.com\/wp-content\/uploads\/2024\/01\/meta-image.png\",\"contentUrl\":\"https:\/\/theakerelaw.com\/wp-content\/uploads\/2024\/01\/meta-image.png\",\"width\":589,\"height\":322},{\"@type\":\"BreadcrumbList\",\"@id\":\"https:\/\/theakerelaw.com\/contact\/#breadcrumb\",\"itemListElement\":[{\"@type\":\"ListItem\",\"position\":1,\"name\":\"Home\",\"item\":\"https:\/\/theakerelaw.com\/\"},{\"@type\":\"ListItem\",\"position\":2,\"name\":\"Contact\"}]},{\"@type\":\"WebSite\",\"@id\":\"https:\/\/theakerelaw.com\/#website\",\"url\":\"https:\/\/theakerelaw.com\/\",\"name\":\"Akere & Akere P.C.\",\"description\":\"Akere &amp; Akere P.C. is an experienced and dynamic full-service law firm. We provide legal services in the areas of immigration, criminal defense, personal injury, consumer law, civil and family law matters\",\"publisher\":{\"@id\":\"https:\/\/theakerelaw.com\/#organization\"},\"potentialAction\":[{\"@type\":\"SearchAction\",\"target\":{\"@type\":\"EntryPoint\",\"urlTemplate\":\"https:\/\/theakerelaw.com\/?s={search_term_string}\"},\"query-input\":\"required name=search_term_string\"}],\"inLanguage\":\"es-MX\"},{\"@type\":\"Organization\",\"@id\":\"https:\/\/theakerelaw.com\/#organization\",\"name\":\"Akere & Akere P.C.\",\"url\":\"https:\/\/theakerelaw.com\/\",\"logo\":{\"@type\":\"ImageObject\",\"inLanguage\":\"es-MX\",\"@id\":\"https:\/\/theakerelaw.com\/#\/schema\/logo\/image\/\",\"url\":\"https:\/\/theakerelaw.com\/wp-content\/uploads\/2024\/01\/logo-e1705359068281.png\",\"contentUrl\":\"https:\/\/theakerelaw.com\/wp-content\/uploads\/2024\/01\/logo-e1705359068281.png\",\"width\":189,\"height\":50,\"caption\":\"Akere & Akere P.C.\"},\"image\":{\"@id\":\"https:\/\/theakerelaw.com\/#\/schema\/logo\/image\/\"},\"sameAs\":[\"https:\/\/www.facebook.com\/akereakerepc\",\"https:\/\/x.com\/Akerelaw1\",\"https:\/\/www.instagram.com\/akerelaw\/\"]}]}<\/script>\n<!-- \/ Yoast SEO plugin. -->","yoast_head_json":{"title":"Contact - Akere &amp; Akere P.C.","description":"Akere & Akere P.C. is an experienced and dynamic full-service law firm. We provide legal services in the areas of immigration, criminal defense, personal injury, consumer law, civil and family law matters. - Akere & Akere P.C. es un bufete de abogados experimentado y din\u00e1mico de servicio completo. Brindamos servicios legales en las \u00e1reas de inmigraci\u00f3n, defensa criminal, lesiones personales, derecho del consumidor, asuntos de derecho civil y de familia.","robots":{"index":"index","follow":"follow","max-snippet":"max-snippet:-1","max-image-preview":"max-image-preview:large","max-video-preview":"max-video-preview:-1"},"canonical":"https:\/\/theakerelaw.com\/es\/contact\/","og_locale":"es_MX","og_type":"article","og_title":"Contact - Akere &amp; Akere P.C.","og_description":"Akere & Akere P.C. is an experienced and dynamic full-service law firm. We provide legal services in the areas of immigration, criminal defense, personal injury, consumer law, civil and family law matters. - Akere & Akere P.C. es un bufete de abogados experimentado y din\u00e1mico de servicio completo. Brindamos servicios legales en las \u00e1reas de inmigraci\u00f3n, defensa criminal, lesiones personales, derecho del consumidor, asuntos de derecho civil y de familia.","og_url":"https:\/\/theakerelaw.com\/es\/contact\/","og_site_name":"Akere &amp; Akere P.C.","article_publisher":"https:\/\/www.facebook.com\/akereakerepc","article_modified_time":"2025-09-04T21:06:52+00:00","og_image":[{"width":589,"height":322,"url":"https:\/\/theakerelaw.com\/wp-content\/uploads\/2024\/01\/meta-image.png","type":"image\/png"}],"twitter_card":"summary_large_image","twitter_site":"@Akerelaw1","twitter_misc":{"Tiempo de lectura":"1 minuto"},"schema":{"@context":"https:\/\/schema.org","@graph":[{"@type":"WebPage","@id":"https:\/\/theakerelaw.com\/contact\/","url":"https:\/\/theakerelaw.com\/contact\/","name":"Contact - Akere &amp; Akere P.C.","isPartOf":{"@id":"https:\/\/theakerelaw.com\/#website"},"primaryImageOfPage":{"@id":"https:\/\/theakerelaw.com\/contact\/#primaryimage"},"image":{"@id":"https:\/\/theakerelaw.com\/contact\/#primaryimage"},"thumbnailUrl":"https:\/\/theakerelaw.com\/wp-content\/uploads\/2024\/01\/meta-image.png","datePublished":"2021-03-05T20:12:02+00:00","dateModified":"2025-09-04T21:06:52+00:00","description":"Akere & Akere P.C. is an experienced and dynamic full-service law firm. We provide legal services in the areas of immigration, criminal defense, personal injury, consumer law, civil and family law matters. - Akere & Akere P.C. es un bufete de abogados experimentado y din\u00e1mico de servicio completo. Brindamos servicios legales en las \u00e1reas de inmigraci\u00f3n, defensa criminal, lesiones personales, derecho del consumidor, asuntos de derecho civil y de familia.","breadcrumb":{"@id":"https:\/\/theakerelaw.com\/contact\/#breadcrumb"},"inLanguage":"es-MX","potentialAction":[{"@type":"ReadAction","target":["https:\/\/theakerelaw.com\/contact\/"]}]},{"@type":"ImageObject","inLanguage":"es-MX","@id":"https:\/\/theakerelaw.com\/contact\/#primaryimage","url":"https:\/\/theakerelaw.com\/wp-content\/uploads\/2024\/01\/meta-image.png","contentUrl":"https:\/\/theakerelaw.com\/wp-content\/uploads\/2024\/01\/meta-image.png","width":589,"height":322},{"@type":"BreadcrumbList","@id":"https:\/\/theakerelaw.com\/contact\/#breadcrumb","itemListElement":[{"@type":"ListItem","position":1,"name":"Home","item":"https:\/\/theakerelaw.com\/"},{"@type":"ListItem","position":2,"name":"Contact"}]},{"@type":"WebSite","@id":"https:\/\/theakerelaw.com\/#website","url":"https:\/\/theakerelaw.com\/","name":"Akere & Akere P.C.","description":"Akere &amp; Akere P.C. is an experienced and dynamic full-service law firm. We provide legal services in the areas of immigration, criminal defense, personal injury, consumer law, civil and family law matters","publisher":{"@id":"https:\/\/theakerelaw.com\/#organization"},"potentialAction":[{"@type":"SearchAction","target":{"@type":"EntryPoint","urlTemplate":"https:\/\/theakerelaw.com\/?s={search_term_string}"},"query-input":"required name=search_term_string"}],"inLanguage":"es-MX"},{"@type":"Organization","@id":"https:\/\/theakerelaw.com\/#organization","name":"Akere & Akere P.C.","url":"https:\/\/theakerelaw.com\/","logo":{"@type":"ImageObject","inLanguage":"es-MX","@id":"https:\/\/theakerelaw.com\/#\/schema\/logo\/image\/","url":"https:\/\/theakerelaw.com\/wp-content\/uploads\/2024\/01\/logo-e1705359068281.png","contentUrl":"https:\/\/theakerelaw.com\/wp-content\/uploads\/2024\/01\/logo-e1705359068281.png","width":189,"height":50,"caption":"Akere & Akere P.C."},"image":{"@id":"https:\/\/theakerelaw.com\/#\/schema\/logo\/image\/"},"sameAs":["https:\/\/www.facebook.com\/akereakerepc","https:\/\/x.com\/Akerelaw1","https:\/\/www.instagram.com\/akerelaw\/"]}]}},"_links":{"self":[{"href":"https:\/\/theakerelaw.com\/es\/wp-json\/wp\/v2\/pages\/17"}],"collection":[{"href":"https:\/\/theakerelaw.com\/es\/wp-json\/wp\/v2\/pages"}],"about":[{"href":"https:\/\/theakerelaw.com\/es\/wp-json\/wp\/v2\/types\/page"}],"author":[{"embeddable":true,"href":"https:\/\/theakerelaw.com\/es\/wp-json\/wp\/v2\/users\/1"}],"replies":[{"embeddable":true,"href":"https:\/\/theakerelaw.com\/es\/wp-json\/wp\/v2\/comments?post=17"}],"version-history":[{"count":59,"href":"https:\/\/theakerelaw.com\/es\/wp-json\/wp\/v2\/pages\/17\/revisions"}],"predecessor-version":[{"id":2419,"href":"https:\/\/theakerelaw.com\/es\/wp-json\/wp\/v2\/pages\/17\/revisions\/2419"}],"wp:featuredmedia":[{"embeddable":true,"href":"https:\/\/theakerelaw.com\/es\/wp-json\/wp\/v2\/media\/1733"}],"wp:attachment":[{"href":"https:\/\/theakerelaw.com\/es\/wp-json\/wp\/v2\/media?parent=17"}],"curies":[{"name":"wp","href":"https:\/\/api.w.org\/{rel}","templated":true}]}}